{"id":77482,"date":"2025-09-19T13:32:40","date_gmt":"2025-09-19T20:32:40","guid":{"rendered":"https:\/\/dianacarolinags.com\/?page_id=77482"},"modified":"2025-09-19T13:34:22","modified_gmt":"2025-09-19T20:34:22","slug":"77482-2","status":"publish","type":"page","link":"https:\/\/dianacarolinags.com\/es\/77482-2\/","title":{"rendered":""},"content":{"rendered":"<div class=\"wp-block-image\">\n<figure class=\"alignleft is-resized\"><img data-recalc-dims=\"1\" loading=\"lazy\" decoding=\"async\" width=\"300\" height=\"300\" src=\"https:\/\/i0.wp.com\/dianacarolinags.com\/wp-content\/uploads\/2023\/07\/cropped-cropped-LogoRS_.png?resize=300%2C300\" alt=\"\" class=\"wp-image-75316\" style=\"width:20px;height:auto\" srcset=\"https:\/\/i0.wp.com\/dianacarolinags.com\/wp-content\/uploads\/2023\/07\/cropped-cropped-LogoRS_.png?resize=300%2C300&amp;ssl=1 300w, https:\/\/i0.wp.com\/dianacarolinags.com\/wp-content\/uploads\/2023\/07\/cropped-cropped-LogoRS_.png?resize=150%2C150&amp;ssl=1 150w, https:\/\/i0.wp.com\/dianacarolinags.com\/wp-content\/uploads\/2023\/07\/cropped-cropped-LogoRS_.png?resize=12%2C12&amp;ssl=1 12w, https:\/\/i0.wp.com\/dianacarolinags.com\/wp-content\/uploads\/2023\/07\/cropped-cropped-LogoRS_.png?resize=60%2C60&amp;ssl=1 60w, https:\/\/i0.wp.com\/dianacarolinags.com\/wp-content\/uploads\/2023\/07\/cropped-cropped-LogoRS_.png?resize=270%2C270&amp;ssl=1 270w, https:\/\/i0.wp.com\/dianacarolinags.com\/wp-content\/uploads\/2023\/07\/cropped-cropped-LogoRS_.png?resize=192%2C192&amp;ssl=1 192w, https:\/\/i0.wp.com\/dianacarolinags.com\/wp-content\/uploads\/2023\/07\/cropped-cropped-LogoRS_.png?resize=180%2C180&amp;ssl=1 180w, https:\/\/i0.wp.com\/dianacarolinags.com\/wp-content\/uploads\/2023\/07\/cropped-cropped-LogoRS_.png?resize=32%2C32&amp;ssl=1 32w, https:\/\/i0.wp.com\/dianacarolinags.com\/wp-content\/uploads\/2023\/07\/cropped-cropped-LogoRS_.png?w=512&amp;ssl=1 512w\" sizes=\"auto, (max-width: 300px) 100vw, 300px\" \/><\/figure>\n<\/div>\n\n\n<p>Eliana, EE.UU.<\/p>\n\n\n\n<p>\u00abDoy gracias a Dios, por la manera que \u00e9l ha obrado en nuestras vidas y corazones, y por ti querida Diana. Por haber sido ese punto de apoyo en la dura jornada de salud que vivimos con mi hija, por esos 7 meses que sent\u00eda que de desvanec\u00eda sin encontrar un diagn\u00f3stico. Pero definitivamente Dios hace que el universo se confabule a nuestro favor y nos trae eso precisamente necesitamos. M\u00e1s que una apoyo has sido una amiga, una compa\u00f1era en este caminar\u00bb<\/p>\n\n\n\n<p><\/p>\n\n\n<div class=\"wp-block-image\">\n<figure class=\"alignleft is-resized\"><img data-recalc-dims=\"1\" loading=\"lazy\" decoding=\"async\" width=\"300\" height=\"300\" src=\"https:\/\/i0.wp.com\/dianacarolinags.com\/wp-content\/uploads\/2023\/07\/cropped-cropped-LogoRS_.png?resize=300%2C300\" alt=\"\" class=\"wp-image-75316\" style=\"width:20px;height:auto\" srcset=\"https:\/\/i0.wp.com\/dianacarolinags.com\/wp-content\/uploads\/2023\/07\/cropped-cropped-LogoRS_.png?resize=300%2C300&amp;ssl=1 300w, https:\/\/i0.wp.com\/dianacarolinags.com\/wp-content\/uploads\/2023\/07\/cropped-cropped-LogoRS_.png?resize=150%2C150&amp;ssl=1 150w, https:\/\/i0.wp.com\/dianacarolinags.com\/wp-content\/uploads\/2023\/07\/cropped-cropped-LogoRS_.png?resize=12%2C12&amp;ssl=1 12w, https:\/\/i0.wp.com\/dianacarolinags.com\/wp-content\/uploads\/2023\/07\/cropped-cropped-LogoRS_.png?resize=60%2C60&amp;ssl=1 60w, https:\/\/i0.wp.com\/dianacarolinags.com\/wp-content\/uploads\/2023\/07\/cropped-cropped-LogoRS_.png?resize=270%2C270&amp;ssl=1 270w, https:\/\/i0.wp.com\/dianacarolinags.com\/wp-content\/uploads\/2023\/07\/cropped-cropped-LogoRS_.png?resize=192%2C192&amp;ssl=1 192w, https:\/\/i0.wp.com\/dianacarolinags.com\/wp-content\/uploads\/2023\/07\/cropped-cropped-LogoRS_.png?resize=180%2C180&amp;ssl=1 180w, https:\/\/i0.wp.com\/dianacarolinags.com\/wp-content\/uploads\/2023\/07\/cropped-cropped-LogoRS_.png?resize=32%2C32&amp;ssl=1 32w, https:\/\/i0.wp.com\/dianacarolinags.com\/wp-content\/uploads\/2023\/07\/cropped-cropped-LogoRS_.png?w=512&amp;ssl=1 512w\" sizes=\"auto, (max-width: 300px) 100vw, 300px\" \/><\/figure>\n<\/div>\n\n\n<p>Sof\u00eda, Per\u00fa<\/p>\n\n\n\n<p>\u00abHe tenido la muy grata oportunidad de participar en los c\u00edrculos de mujeres que lidera Diana Carolina y les puedo decir que es una oportunidad maravillosa, un compartir con otras mujeres, un entender de que a pesar de que vivimos nuestra propia realidad podemos estar en sinton\u00eda con otras mujeres que viven lo mismo y a trav\u00e9s de escuchar sus historias y ver c\u00f3mo las afrontan se convierte en una oportunidad \u00fanica para reforzar nuestra energ\u00eda interna y a partir de la sororidad lograr conquistar nuevos territorios para nosotras. Se los s\u00faper recomiendo\u00bb.<\/p>\n\n\n<div class=\"wp-block-image\">\n<figure class=\"alignleft is-resized\"><img data-recalc-dims=\"1\" loading=\"lazy\" decoding=\"async\" width=\"300\" height=\"300\" src=\"https:\/\/i0.wp.com\/dianacarolinags.com\/wp-content\/uploads\/2023\/07\/cropped-cropped-LogoRS_.png?resize=300%2C300\" alt=\"\" class=\"wp-image-75316\" style=\"width:20px;height:auto\" srcset=\"https:\/\/i0.wp.com\/dianacarolinags.com\/wp-content\/uploads\/2023\/07\/cropped-cropped-LogoRS_.png?resize=300%2C300&amp;ssl=1 300w, https:\/\/i0.wp.com\/dianacarolinags.com\/wp-content\/uploads\/2023\/07\/cropped-cropped-LogoRS_.png?resize=150%2C150&amp;ssl=1 150w, https:\/\/i0.wp.com\/dianacarolinags.com\/wp-content\/uploads\/2023\/07\/cropped-cropped-LogoRS_.png?resize=12%2C12&amp;ssl=1 12w, https:\/\/i0.wp.com\/dianacarolinags.com\/wp-content\/uploads\/2023\/07\/cropped-cropped-LogoRS_.png?resize=60%2C60&amp;ssl=1 60w, https:\/\/i0.wp.com\/dianacarolinags.com\/wp-content\/uploads\/2023\/07\/cropped-cropped-LogoRS_.png?resize=270%2C270&amp;ssl=1 270w, https:\/\/i0.wp.com\/dianacarolinags.com\/wp-content\/uploads\/2023\/07\/cropped-cropped-LogoRS_.png?resize=192%2C192&amp;ssl=1 192w, https:\/\/i0.wp.com\/dianacarolinags.com\/wp-content\/uploads\/2023\/07\/cropped-cropped-LogoRS_.png?resize=180%2C180&amp;ssl=1 180w, https:\/\/i0.wp.com\/dianacarolinags.com\/wp-content\/uploads\/2023\/07\/cropped-cropped-LogoRS_.png?resize=32%2C32&amp;ssl=1 32w, https:\/\/i0.wp.com\/dianacarolinags.com\/wp-content\/uploads\/2023\/07\/cropped-cropped-LogoRS_.png?w=512&amp;ssl=1 512w\" sizes=\"auto, (max-width: 300px) 100vw, 300px\" \/><\/figure>\n<\/div>\n\n\n<p>Andrea. Bogot\u00e1, Colombia<\/p>\n\n\n\n<p>\u00abHa sido totalmente gratificante la experiencia que he tenido en las sesiones con Carolina. Gracias a sus sesiones hoy tengo m\u00e1s claridad y s\u00e9 utilizar de una mejor manera todas las herramientas que tengo para afrontar las diferentes situaciones que se presentan en mi camino. Hoy soy una persona m\u00e1s segura, mi nivel de estr\u00e9s ha bajado y mis pensamientos est\u00e1n bien enfocados! Carolina me ayuda a ver mi historia desde el amor propio\u00bb.<\/p>\n\n\n<div class=\"wp-block-image\">\n<figure class=\"alignleft is-resized\"><img data-recalc-dims=\"1\" loading=\"lazy\" decoding=\"async\" width=\"300\" height=\"300\" src=\"https:\/\/i0.wp.com\/dianacarolinags.com\/wp-content\/uploads\/2023\/07\/cropped-cropped-LogoRS_.png?resize=300%2C300\" alt=\"\" class=\"wp-image-75316\" style=\"width:20px;height:auto\" srcset=\"https:\/\/i0.wp.com\/dianacarolinags.com\/wp-content\/uploads\/2023\/07\/cropped-cropped-LogoRS_.png?resize=300%2C300&amp;ssl=1 300w, https:\/\/i0.wp.com\/dianacarolinags.com\/wp-content\/uploads\/2023\/07\/cropped-cropped-LogoRS_.png?resize=150%2C150&amp;ssl=1 150w, https:\/\/i0.wp.com\/dianacarolinags.com\/wp-content\/uploads\/2023\/07\/cropped-cropped-LogoRS_.png?resize=12%2C12&amp;ssl=1 12w, https:\/\/i0.wp.com\/dianacarolinags.com\/wp-content\/uploads\/2023\/07\/cropped-cropped-LogoRS_.png?resize=60%2C60&amp;ssl=1 60w, https:\/\/i0.wp.com\/dianacarolinags.com\/wp-content\/uploads\/2023\/07\/cropped-cropped-LogoRS_.png?resize=270%2C270&amp;ssl=1 270w, https:\/\/i0.wp.com\/dianacarolinags.com\/wp-content\/uploads\/2023\/07\/cropped-cropped-LogoRS_.png?resize=192%2C192&amp;ssl=1 192w, https:\/\/i0.wp.com\/dianacarolinags.com\/wp-content\/uploads\/2023\/07\/cropped-cropped-LogoRS_.png?resize=180%2C180&amp;ssl=1 180w, https:\/\/i0.wp.com\/dianacarolinags.com\/wp-content\/uploads\/2023\/07\/cropped-cropped-LogoRS_.png?resize=32%2C32&amp;ssl=1 32w, https:\/\/i0.wp.com\/dianacarolinags.com\/wp-content\/uploads\/2023\/07\/cropped-cropped-LogoRS_.png?w=512&amp;ssl=1 512w\" sizes=\"auto, (max-width: 300px) 100vw, 300px\" \/><\/figure>\n<\/div>\n\n\n<p>Maria Juliana, Colombia<\/p>\n\n\n\n<p>Para mi, las sesiones con Diana Carolina fueron muy enriquecedoras. Me encantan sus orientaciones, su energ\u00eda, y la seguridad al transmitir sus conocimientos y preguntas. Despu\u00e9s de este proceso soy otra persona en todos los sentidos, espiritual, fisico y mental!\u00bb<\/p>\n\n\n<div class=\"wp-block-image\">\n<figure class=\"alignleft is-resized\"><img data-recalc-dims=\"1\" loading=\"lazy\" decoding=\"async\" width=\"300\" height=\"300\" src=\"https:\/\/i0.wp.com\/dianacarolinags.com\/wp-content\/uploads\/2023\/07\/cropped-cropped-LogoRS_.png?resize=300%2C300\" alt=\"\" class=\"wp-image-75316\" style=\"width:20px;height:auto\" srcset=\"https:\/\/i0.wp.com\/dianacarolinags.com\/wp-content\/uploads\/2023\/07\/cropped-cropped-LogoRS_.png?resize=300%2C300&amp;ssl=1 300w, https:\/\/i0.wp.com\/dianacarolinags.com\/wp-content\/uploads\/2023\/07\/cropped-cropped-LogoRS_.png?resize=150%2C150&amp;ssl=1 150w, https:\/\/i0.wp.com\/dianacarolinags.com\/wp-content\/uploads\/2023\/07\/cropped-cropped-LogoRS_.png?resize=12%2C12&amp;ssl=1 12w, https:\/\/i0.wp.com\/dianacarolinags.com\/wp-content\/uploads\/2023\/07\/cropped-cropped-LogoRS_.png?resize=60%2C60&amp;ssl=1 60w, https:\/\/i0.wp.com\/dianacarolinags.com\/wp-content\/uploads\/2023\/07\/cropped-cropped-LogoRS_.png?resize=270%2C270&amp;ssl=1 270w, https:\/\/i0.wp.com\/dianacarolinags.com\/wp-content\/uploads\/2023\/07\/cropped-cropped-LogoRS_.png?resize=192%2C192&amp;ssl=1 192w, https:\/\/i0.wp.com\/dianacarolinags.com\/wp-content\/uploads\/2023\/07\/cropped-cropped-LogoRS_.png?resize=180%2C180&amp;ssl=1 180w, https:\/\/i0.wp.com\/dianacarolinags.com\/wp-content\/uploads\/2023\/07\/cropped-cropped-LogoRS_.png?resize=32%2C32&amp;ssl=1 32w, https:\/\/i0.wp.com\/dianacarolinags.com\/wp-content\/uploads\/2023\/07\/cropped-cropped-LogoRS_.png?w=512&amp;ssl=1 512w\" sizes=\"auto, (max-width: 300px) 100vw, 300px\" \/><\/figure>\n<\/div>\n\n\n<p>Carolina, EE.UU.<\/p>\n\n\n\n<p>\u00abEn esta experiencia Diana me gui\u00f3 a revisar mi realidad. Me ayud\u00f3 a equilibrar mis capacidades con mis metas, marcando objetivos que me motivan y me orient\u00f3 a buscar en m\u00ed las respuestas. Durante las sesiones demuestra grandes conocimientos en los temas que trata y los comunica de forma amena y entendible. Sus sesiones son llevadas de una forma que te hacen sentir c\u00f3moda, segura y tranquila\u00bb.<\/p>\n\n\n<div class=\"wp-block-image\">\n<figure class=\"alignleft is-resized\"><img data-recalc-dims=\"1\" loading=\"lazy\" decoding=\"async\" width=\"300\" height=\"300\" src=\"https:\/\/i0.wp.com\/dianacarolinags.com\/wp-content\/uploads\/2023\/07\/cropped-cropped-LogoRS_.png?resize=300%2C300\" alt=\"\" class=\"wp-image-75316\" style=\"width:20px;height:auto\" srcset=\"https:\/\/i0.wp.com\/dianacarolinags.com\/wp-content\/uploads\/2023\/07\/cropped-cropped-LogoRS_.png?resize=300%2C300&amp;ssl=1 300w, https:\/\/i0.wp.com\/dianacarolinags.com\/wp-content\/uploads\/2023\/07\/cropped-cropped-LogoRS_.png?resize=150%2C150&amp;ssl=1 150w, https:\/\/i0.wp.com\/dianacarolinags.com\/wp-content\/uploads\/2023\/07\/cropped-cropped-LogoRS_.png?resize=12%2C12&amp;ssl=1 12w, https:\/\/i0.wp.com\/dianacarolinags.com\/wp-content\/uploads\/2023\/07\/cropped-cropped-LogoRS_.png?resize=60%2C60&amp;ssl=1 60w, https:\/\/i0.wp.com\/dianacarolinags.com\/wp-content\/uploads\/2023\/07\/cropped-cropped-LogoRS_.png?resize=270%2C270&amp;ssl=1 270w, https:\/\/i0.wp.com\/dianacarolinags.com\/wp-content\/uploads\/2023\/07\/cropped-cropped-LogoRS_.png?resize=192%2C192&amp;ssl=1 192w, https:\/\/i0.wp.com\/dianacarolinags.com\/wp-content\/uploads\/2023\/07\/cropped-cropped-LogoRS_.png?resize=180%2C180&amp;ssl=1 180w, https:\/\/i0.wp.com\/dianacarolinags.com\/wp-content\/uploads\/2023\/07\/cropped-cropped-LogoRS_.png?resize=32%2C32&amp;ssl=1 32w, https:\/\/i0.wp.com\/dianacarolinags.com\/wp-content\/uploads\/2023\/07\/cropped-cropped-LogoRS_.png?w=512&amp;ssl=1 512w\" sizes=\"auto, (max-width: 300px) 100vw, 300px\" \/><\/figure>\n<\/div>\n\n\n<p>Marikka, EE.UU.<\/p>\n\n\n\n<p>\u00abDiana Carolina tiene el don \u00fanico de iluminar la energ\u00eda femenina. Ella te acepta, te honra y te empodera todo a la vez. En m\u00ed reconoci\u00f3 que yo necesitaba integraci\u00f3n y equilibrio y me apoy\u00f3 a trav\u00e9s de esta experiencia sagrada. \u00a1Trabajar con Diana ha encendido una llama poderosa dentro de m\u00ed que llevar\u00e9 conmigo para siempre! Gracias Diana Carolina!<\/p>\n\n\n<div class=\"wp-block-image\">\n<figure class=\"alignleft is-resized\"><img data-recalc-dims=\"1\" loading=\"lazy\" decoding=\"async\" width=\"300\" height=\"300\" src=\"https:\/\/i0.wp.com\/dianacarolinags.com\/wp-content\/uploads\/2023\/07\/cropped-cropped-LogoRS_.png?resize=300%2C300\" alt=\"\" class=\"wp-image-75316\" style=\"width:20px;height:auto\" srcset=\"https:\/\/i0.wp.com\/dianacarolinags.com\/wp-content\/uploads\/2023\/07\/cropped-cropped-LogoRS_.png?resize=300%2C300&amp;ssl=1 300w, https:\/\/i0.wp.com\/dianacarolinags.com\/wp-content\/uploads\/2023\/07\/cropped-cropped-LogoRS_.png?resize=150%2C150&amp;ssl=1 150w, https:\/\/i0.wp.com\/dianacarolinags.com\/wp-content\/uploads\/2023\/07\/cropped-cropped-LogoRS_.png?resize=12%2C12&amp;ssl=1 12w, https:\/\/i0.wp.com\/dianacarolinags.com\/wp-content\/uploads\/2023\/07\/cropped-cropped-LogoRS_.png?resize=60%2C60&amp;ssl=1 60w, https:\/\/i0.wp.com\/dianacarolinags.com\/wp-content\/uploads\/2023\/07\/cropped-cropped-LogoRS_.png?resize=270%2C270&amp;ssl=1 270w, https:\/\/i0.wp.com\/dianacarolinags.com\/wp-content\/uploads\/2023\/07\/cropped-cropped-LogoRS_.png?resize=192%2C192&amp;ssl=1 192w, https:\/\/i0.wp.com\/dianacarolinags.com\/wp-content\/uploads\/2023\/07\/cropped-cropped-LogoRS_.png?resize=180%2C180&amp;ssl=1 180w, https:\/\/i0.wp.com\/dianacarolinags.com\/wp-content\/uploads\/2023\/07\/cropped-cropped-LogoRS_.png?resize=32%2C32&amp;ssl=1 32w, https:\/\/i0.wp.com\/dianacarolinags.com\/wp-content\/uploads\/2023\/07\/cropped-cropped-LogoRS_.png?w=512&amp;ssl=1 512w\" sizes=\"auto, (max-width: 300px) 100vw, 300px\" \/><\/figure>\n<\/div>\n\n\n<p>Alfonso, Colombia<\/p>\n\n\n\n<p>\u00abAcertada como pocas, cuidadosa y protectora de la historia y la individualidad de quien acude a ella. Pragm\u00e1tica y muy clara a la hora de convertir su experiencia en ayudas claras para que uno pueda avanzar. Despu\u00e9s de a\u00f1os contando con su acompa\u00f1amiento en una dura crisis familiar, un complejo cambio de proyecto de vida, y much\u00edsimos altibajos existenciales, la considero infalible como consultora\u00bb.<\/p>\n\n\n<div class=\"wp-block-image\">\n<figure class=\"alignleft is-resized\"><img data-recalc-dims=\"1\" loading=\"lazy\" decoding=\"async\" width=\"300\" height=\"300\" src=\"https:\/\/i0.wp.com\/dianacarolinags.com\/wp-content\/uploads\/2023\/07\/cropped-cropped-LogoRS_.png?resize=300%2C300\" alt=\"\" class=\"wp-image-75316\" style=\"width:20px;height:auto\" srcset=\"https:\/\/i0.wp.com\/dianacarolinags.com\/wp-content\/uploads\/2023\/07\/cropped-cropped-LogoRS_.png?resize=300%2C300&amp;ssl=1 300w, https:\/\/i0.wp.com\/dianacarolinags.com\/wp-content\/uploads\/2023\/07\/cropped-cropped-LogoRS_.png?resize=150%2C150&amp;ssl=1 150w, https:\/\/i0.wp.com\/dianacarolinags.com\/wp-content\/uploads\/2023\/07\/cropped-cropped-LogoRS_.png?resize=12%2C12&amp;ssl=1 12w, https:\/\/i0.wp.com\/dianacarolinags.com\/wp-content\/uploads\/2023\/07\/cropped-cropped-LogoRS_.png?resize=60%2C60&amp;ssl=1 60w, https:\/\/i0.wp.com\/dianacarolinags.com\/wp-content\/uploads\/2023\/07\/cropped-cropped-LogoRS_.png?resize=270%2C270&amp;ssl=1 270w, https:\/\/i0.wp.com\/dianacarolinags.com\/wp-content\/uploads\/2023\/07\/cropped-cropped-LogoRS_.png?resize=192%2C192&amp;ssl=1 192w, https:\/\/i0.wp.com\/dianacarolinags.com\/wp-content\/uploads\/2023\/07\/cropped-cropped-LogoRS_.png?resize=180%2C180&amp;ssl=1 180w, https:\/\/i0.wp.com\/dianacarolinags.com\/wp-content\/uploads\/2023\/07\/cropped-cropped-LogoRS_.png?resize=32%2C32&amp;ssl=1 32w, https:\/\/i0.wp.com\/dianacarolinags.com\/wp-content\/uploads\/2023\/07\/cropped-cropped-LogoRS_.png?w=512&amp;ssl=1 512w\" sizes=\"auto, (max-width: 300px) 100vw, 300px\" \/><\/figure>\n<\/div>\n\n\n<p>Astrid, EE.UU.<\/p>\n\n\n\n<p>Carolina me ha acompa\u00f1ado en diversos momentos de mi vida, como amiga, hermana,compa\u00f1era y colega. Y en los \u00faltimos a\u00f1os como Acompa\u00f1ante de vida. Recientemente particip\u00e9 en un maravilloso proceso que cre\u00f3 para conectarnos desde nuestra fuerza como mujeres, el denominado C\u00edrculo de mujeres, y gratamente v\u00ed a una mujer sabia, serena, grande en diversos sentidos, que me generaba paz, confianza, y en consecuencia, confi\u00e9 totalmente en ella y me deje llevar. En otros momentos de mi vida, cuando la raz\u00f3n, la mente, no son las mejores consejeras, -pues all\u00ed no est\u00e1n las respuestas-, llamo a Carolina a la distancia, y en un proceso de conversar, entender, ahondar,explorar y sacar de mi misma, Carolina me lleva paso a paso, a que desde mi propio ser pueda entender que es eso que estoy sintiendo, vivenciando, donde est\u00e1 el miedo, el dolor o la confusi\u00f3n. No te da consejos, no te dice que camino tomar- lo cual no servir\u00eda de mucho, pues los cambios y decisiones que tomamos deben ser opciones nuestras para que sean sostenibles-, ella te escucha, y te hace preguntas claves. Te reconforta, y te orienta como observadora que es. Y finalmente te ayuda a sosegar y establecer un camino para paso a paso generar ese cambio interno que quieres hacer, y no sabes como. Carolina, te acompa\u00f1a, te inspira, y ayuda a que saques lo mejor de t\u00ed. La fuerza interna que todas tenemos, pero no sabemos c\u00f3mo llegar a ella. Gracias Caro.<\/p>\n","protected":false},"excerpt":{"rendered":"<p>Eliana, EE.UU. \u00abDoy gracias a Dios, por la manera que \u00e9l ha obrado en nuestras vidas y corazones, y por ti querida Diana. Por haber sido ese punto de apoyo &hellip; <\/p>\n","protected":false},"author":1,"featured_media":0,"parent":0,"menu_order":0,"comment_status":"closed","ping_status":"closed","template":"","meta":{"_monsterinsights_skip_tracking":false,"_monsterinsights_sitenote_active":false,"_monsterinsights_sitenote_note":"","_monsterinsights_sitenote_category":0,"jetpack_post_was_ever_published":false,"footnotes":""},"class_list":["post-77482","page","type-page","status-publish","hentry","grid-sizer"],"jetpack_sharing_enabled":true,"jetpack_shortlink":"https:\/\/wp.me\/PaiVXh-k9I","_links":{"self":[{"href":"https:\/\/dianacarolinags.com\/es\/wp-json\/wp\/v2\/pages\/77482","targetHints":{"allow":["GET"]}}],"collection":[{"href":"https:\/\/dianacarolinags.com\/es\/wp-json\/wp\/v2\/pages"}],"about":[{"href":"https:\/\/dianacarolinags.com\/es\/wp-json\/wp\/v2\/types\/page"}],"author":[{"embeddable":true,"href":"https:\/\/dianacarolinags.com\/es\/wp-json\/wp\/v2\/users\/1"}],"replies":[{"embeddable":true,"href":"https:\/\/dianacarolinags.com\/es\/wp-json\/wp\/v2\/comments?post=77482"}],"version-history":[{"count":5,"href":"https:\/\/dianacarolinags.com\/es\/wp-json\/wp\/v2\/pages\/77482\/revisions"}],"predecessor-version":[{"id":77489,"href":"https:\/\/dianacarolinags.com\/es\/wp-json\/wp\/v2\/pages\/77482\/revisions\/77489"}],"wp:attachment":[{"href":"https:\/\/dianacarolinags.com\/es\/wp-json\/wp\/v2\/media?parent=77482"}],"curies":[{"name":"wp","href":"https:\/\/api.w.org\/{rel}","templated":true}]}}