{"id":614,"date":"2018-10-02T23:07:13","date_gmt":"2018-10-02T23:07:13","guid":{"rendered":"https:\/\/reinventingstories.com\/?page_id=614"},"modified":"2025-11-25T14:13:08","modified_gmt":"2025-11-25T22:13:08","slug":"contacto","status":"publish","type":"page","link":"https:\/\/dianacarolinags.com\/es\/contacto\/","title":{"rendered":"Contacto"},"content":{"rendered":"\n<p>Escr\u00edbeme para ampliar informaci\u00f3n sobre los c\u00edrculos de mujeres, programar un taller en tu lugar de trabajo o una preconsulta de 10 minutos para sesiones individuales.\u00a0 <\/p>\n\n\n\n<p><a href=\"mailto:dianacarolina_gs@outlook.com\">dianacarolina_gs@outlook.com<\/a> <\/p>\n\n\n<div class=\"wp-block-image\">\n<figure class=\"aligncenter size-full is-resized\"><img data-recalc-dims=\"1\" loading=\"lazy\" decoding=\"async\" width=\"500\" height=\"500\" src=\"https:\/\/i0.wp.com\/dianacarolinags.com\/wp-content\/uploads\/2023\/07\/cropped-Logo_RS.png?resize=500%2C500\" alt=\"\" class=\"wp-image-75318\" style=\"width:45px;height:auto\" srcset=\"https:\/\/i0.wp.com\/dianacarolinags.com\/wp-content\/uploads\/2023\/07\/cropped-Logo_RS.png?w=500&amp;ssl=1 500w, https:\/\/i0.wp.com\/dianacarolinags.com\/wp-content\/uploads\/2023\/07\/cropped-Logo_RS.png?resize=300%2C300&amp;ssl=1 300w, https:\/\/i0.wp.com\/dianacarolinags.com\/wp-content\/uploads\/2023\/07\/cropped-Logo_RS.png?resize=150%2C150&amp;ssl=1 150w, https:\/\/i0.wp.com\/dianacarolinags.com\/wp-content\/uploads\/2023\/07\/cropped-Logo_RS.png?resize=12%2C12&amp;ssl=1 12w, https:\/\/i0.wp.com\/dianacarolinags.com\/wp-content\/uploads\/2023\/07\/cropped-Logo_RS.png?resize=60%2C60&amp;ssl=1 60w\" sizes=\"auto, (max-width: 500px) 100vw, 500px\" \/><\/figure>\n<\/div>\n\n\n<p><\/p>\n","protected":false},"excerpt":{"rendered":"<p>Escr\u00edbeme para ampliar informaci\u00f3n sobre los c\u00edrculos de mujeres, programar un taller en tu lugar de trabajo o una preconsulta de 10 minutos para sesiones individuales.\u00a0 dianacarolina_gs@outlook.com<\/p>\n","protected":false},"author":1,"featured_media":0,"parent":0,"menu_order":0,"comment_status":"closed","ping_status":"closed","template":"","meta":{"_monsterinsights_skip_tracking":false,"_monsterinsights_sitenote_active":false,"_monsterinsights_sitenote_note":"","_monsterinsights_sitenote_category":0,"jetpack_post_was_ever_published":false,"footnotes":""},"class_list":["post-614","page","type-page","status-publish","hentry","grid-sizer"],"jetpack_sharing_enabled":true,"jetpack_shortlink":"https:\/\/wp.me\/PaiVXh-9U","_links":{"self":[{"href":"https:\/\/dianacarolinags.com\/es\/wp-json\/wp\/v2\/pages\/614","targetHints":{"allow":["GET"]}}],"collection":[{"href":"https:\/\/dianacarolinags.com\/es\/wp-json\/wp\/v2\/pages"}],"about":[{"href":"https:\/\/dianacarolinags.com\/es\/wp-json\/wp\/v2\/types\/page"}],"author":[{"embeddable":true,"href":"https:\/\/dianacarolinags.com\/es\/wp-json\/wp\/v2\/users\/1"}],"replies":[{"embeddable":true,"href":"https:\/\/dianacarolinags.com\/es\/wp-json\/wp\/v2\/comments?post=614"}],"version-history":[{"count":51,"href":"https:\/\/dianacarolinags.com\/es\/wp-json\/wp\/v2\/pages\/614\/revisions"}],"predecessor-version":[{"id":77496,"href":"https:\/\/dianacarolinags.com\/es\/wp-json\/wp\/v2\/pages\/614\/revisions\/77496"}],"wp:attachment":[{"href":"https:\/\/dianacarolinags.com\/es\/wp-json\/wp\/v2\/media?parent=614"}],"curies":[{"name":"wp","href":"https:\/\/api.w.org\/{rel}","templated":true}]}}