{"id":4776,"date":"2019-06-24T04:23:39","date_gmt":"2019-06-24T04:23:39","guid":{"rendered":"https:\/\/reinventingstories.com\/?page_id=4776"},"modified":"2023-08-30T17:32:56","modified_gmt":"2023-08-31T00:32:56","slug":"circulo-de-mujeres","status":"publish","type":"page","link":"https:\/\/dianacarolinags.com\/es\/circulo-de-mujeres\/","title":{"rendered":"C\u00edrculo de Merecimiento"},"content":{"rendered":"\n<div class=\"wp-block-columns has-2-columns is-layout-flex wp-container-core-columns-is-layout-9d6595d7 wp-block-columns-is-layout-flex\">\n<div class=\"wp-block-column is-layout-flow wp-block-column-is-layout-flow\">\n<figure class=\"wp-block-image\"><img data-recalc-dims=\"1\" loading=\"lazy\" decoding=\"async\" width=\"810\" height=\"424\" src=\"https:\/\/i0.wp.com\/reinventingstories.com\/\/wp-content\/uploads\/2019\/09\/Lil-Mix-BCakery-1-1024x536.png?resize=810%2C424&#038;ssl=1\" alt=\"\" class=\"wp-image-5582\" srcset=\"https:\/\/i0.wp.com\/dianacarolinags.com\/wp-content\/uploads\/2019\/09\/Lil-Mix-BCakery-1.png?resize=1024%2C536&amp;ssl=1 1024w, https:\/\/i0.wp.com\/dianacarolinags.com\/wp-content\/uploads\/2019\/09\/Lil-Mix-BCakery-1.png?resize=300%2C157&amp;ssl=1 300w, https:\/\/i0.wp.com\/dianacarolinags.com\/wp-content\/uploads\/2019\/09\/Lil-Mix-BCakery-1.png?resize=768%2C402&amp;ssl=1 768w, https:\/\/i0.wp.com\/dianacarolinags.com\/wp-content\/uploads\/2019\/09\/Lil-Mix-BCakery-1.png?resize=115%2C60&amp;ssl=1 115w, https:\/\/i0.wp.com\/dianacarolinags.com\/wp-content\/uploads\/2019\/09\/Lil-Mix-BCakery-1.png?w=1200&amp;ssl=1 1200w\" sizes=\"auto, (max-width: 810px) 100vw, 810px\" \/><\/figure>\n\n\n\n<p class=\"has-very-dark-gray-color has-text-color\" style=\"font-size:18px\"><strong>Cada mes, nos reunimos en c\u00edrculo para transformar nuestras historias el merecimiento.<\/strong><\/p>\n\n\n\n<p class=\"has-very-dark-gray-color has-text-color\" style=\"font-size:18px\">Aqu\u00ed puedes ser t\u00fa misma como si nadie te estuviera viendo. Pierdes el miedo a expresarte. No hay espacio para la cr\u00edtica ni el juicio.<\/p>\n\n\n\n<p class=\"has-very-dark-gray-color has-text-color\" style=\"font-size:18px\">Aqu\u00ed no damos consejos. La palabra de la una, es respuesta para la otra. Esto por supuesto, tiene un efecto sanador como hijas, madres, hermanas, t\u00edas, amigas, parejas, emprendedoras.  Bienvenida!<\/p>\n\n\n\n<p class=\"has-very-dark-gray-color has-pale-pink-background-color has-text-color has-background\" style=\"font-size:18px\">Facilito c\u00edrculos presenciales y virtuales. Cada c\u00edrculo tiene un tema. Si quieres saber m\u00e1s<a href=\"https:\/\/dianacarolinags.com\/es\/contacto\/\"> <strong>cont\u00e1ctame aqu\u00ed.<\/strong><\/a><\/p>\n\n\n\n<p><\/p>\n<\/div>\n\n\n\n<div class=\"wp-block-column is-layout-flow wp-block-column-is-layout-flow\">\n<p class=\"has-very-dark-gray-color has-text-color\" style=\"font-size:18px\">Este c\u00edrculo es para ti si desde lo profundo deseas: <\/p>\n\n\n\n<p class=\"has-very-dark-gray-color has-text-color\" style=\"font-size:18px\">Transformar tu relaci\u00f3n con el poder y el valor, volver a tu fuerza interior, potenciar tus emprendimientos, compartir un lugar sagrado, tomar consciencia de tu cuerpo, manifestar tus sue\u00f1os, o simplemente tener un espacio para ser vista y escuchada.<\/p>\n\n\n\n<p class=\"has-very-dark-gray-color has-text-color\" style=\"font-size:18px\"><\/p>\n\n\n<div class=\"wp-block-image\">\n<figure class=\"aligncenter is-resized\"><img data-recalc-dims=\"1\" loading=\"lazy\" decoding=\"async\" src=\"https:\/\/i0.wp.com\/reinventingstories.com\/\/wp-content\/uploads\/2019\/09\/Quotes-51.png?resize=491%2C491&#038;ssl=1\" alt=\"\" class=\"wp-image-5629\" style=\"width:491px;height:491px\" width=\"491\" height=\"491\" srcset=\"https:\/\/i0.wp.com\/dianacarolinags.com\/wp-content\/uploads\/2019\/09\/Quotes-51.png?w=800&amp;ssl=1 800w, https:\/\/i0.wp.com\/dianacarolinags.com\/wp-content\/uploads\/2019\/09\/Quotes-51.png?resize=150%2C150&amp;ssl=1 150w, https:\/\/i0.wp.com\/dianacarolinags.com\/wp-content\/uploads\/2019\/09\/Quotes-51.png?resize=300%2C300&amp;ssl=1 300w, https:\/\/i0.wp.com\/dianacarolinags.com\/wp-content\/uploads\/2019\/09\/Quotes-51.png?resize=768%2C768&amp;ssl=1 768w, https:\/\/i0.wp.com\/dianacarolinags.com\/wp-content\/uploads\/2019\/09\/Quotes-51.png?resize=60%2C60&amp;ssl=1 60w\" sizes=\"auto, (max-width: 491px) 100vw, 491px\" \/><\/figure>\n<\/div><\/div>\n<\/div>\n\n\n\n<p class=\"has-very-dark-gray-color has-text-color\" style=\"font-size:14px\"><\/p>\n","protected":false},"excerpt":{"rendered":"<p>Cada mes, nos reunimos en c\u00edrculo para transformar nuestras historias el merecimiento. Aqu\u00ed puedes ser t\u00fa misma como si nadie te estuviera viendo. Pierdes el miedo a expresarte. No hay &hellip; <\/p>\n","protected":false},"author":1,"featured_media":0,"parent":0,"menu_order":0,"comment_status":"closed","ping_status":"closed","template":"","meta":{"_monsterinsights_skip_tracking":false,"_monsterinsights_sitenote_active":false,"_monsterinsights_sitenote_note":"","_monsterinsights_sitenote_category":0,"jetpack_post_was_ever_published":false,"footnotes":""},"class_list":["post-4776","page","type-page","status-publish","hentry","grid-sizer"],"jetpack_sharing_enabled":true,"jetpack_shortlink":"https:\/\/wp.me\/PaiVXh-1f2","_links":{"self":[{"href":"https:\/\/dianacarolinags.com\/es\/wp-json\/wp\/v2\/pages\/4776","targetHints":{"allow":["GET"]}}],"collection":[{"href":"https:\/\/dianacarolinags.com\/es\/wp-json\/wp\/v2\/pages"}],"about":[{"href":"https:\/\/dianacarolinags.com\/es\/wp-json\/wp\/v2\/types\/page"}],"author":[{"embeddable":true,"href":"https:\/\/dianacarolinags.com\/es\/wp-json\/wp\/v2\/users\/1"}],"replies":[{"embeddable":true,"href":"https:\/\/dianacarolinags.com\/es\/wp-json\/wp\/v2\/comments?post=4776"}],"version-history":[{"count":83,"href":"https:\/\/dianacarolinags.com\/es\/wp-json\/wp\/v2\/pages\/4776\/revisions"}],"predecessor-version":[{"id":75543,"href":"https:\/\/dianacarolinags.com\/es\/wp-json\/wp\/v2\/pages\/4776\/revisions\/75543"}],"wp:attachment":[{"href":"https:\/\/dianacarolinags.com\/es\/wp-json\/wp\/v2\/media?parent=4776"}],"curies":[{"name":"wp","href":"https:\/\/api.w.org\/{rel}","templated":true}]}}