{"id":4722,"date":"2019-06-13T02:21:17","date_gmt":"2019-06-13T02:21:17","guid":{"rendered":"https:\/\/reinventingstories.com\/?page_id=4722"},"modified":"2024-11-23T16:33:13","modified_gmt":"2024-11-24T00:33:13","slug":"acompanamiento","status":"publish","type":"page","link":"https:\/\/dianacarolinags.com\/es\/acompanamiento\/","title":{"rendered":"Sesiones"},"content":{"rendered":"\n<h2 class=\"wp-block-heading\"><\/h2>\n\n\n\n<ul class=\"wp-block-list\">\n<li>Cont\u00e1ctame v\u00eda mensaje de texto y agendaremos una llamada de 10 minutos para escuchar tus b\u00fasquedas y establecer si soy la persona indicada para acompa\u00f1arte.<\/li>\n<\/ul>\n\n\n\n<p><\/p>\n\n\n\n<ul class=\"wp-block-list\">\n<li>Env\u00eda un mensaje de texto o chat a: +<strong>1 (336) 706 4805<\/strong> en USA y desde otro pa\u00eds por WhatsApp.<\/li>\n<\/ul>\n\n\n\n<p><\/p>\n\n\n\n<ul class=\"wp-block-list\">\n<li>O escribe a:  <a href=\"mailto:dc@reinventingstories.com\">dc@reinventingstories.com<\/a><\/li>\n<\/ul>\n\n\n\n<pre class=\"wp-block-preformatted\"><\/pre>\n\n\n\n<figure class=\"wp-block-image size-full is-resized\"><img data-recalc-dims=\"1\" loading=\"lazy\" decoding=\"async\" width=\"500\" height=\"500\" src=\"https:\/\/i0.wp.com\/dianacarolinags.com\/wp-content\/uploads\/2023\/07\/cropped-Logo_RS.png?resize=500%2C500\" alt=\"\" class=\"wp-image-75318\" style=\"width:56px;height:auto\" srcset=\"https:\/\/i0.wp.com\/dianacarolinags.com\/wp-content\/uploads\/2023\/07\/cropped-Logo_RS.png?w=500&amp;ssl=1 500w, https:\/\/i0.wp.com\/dianacarolinags.com\/wp-content\/uploads\/2023\/07\/cropped-Logo_RS.png?resize=300%2C300&amp;ssl=1 300w, https:\/\/i0.wp.com\/dianacarolinags.com\/wp-content\/uploads\/2023\/07\/cropped-Logo_RS.png?resize=150%2C150&amp;ssl=1 150w, https:\/\/i0.wp.com\/dianacarolinags.com\/wp-content\/uploads\/2023\/07\/cropped-Logo_RS.png?resize=12%2C12&amp;ssl=1 12w, https:\/\/i0.wp.com\/dianacarolinags.com\/wp-content\/uploads\/2023\/07\/cropped-Logo_RS.png?resize=60%2C60&amp;ssl=1 60w\" sizes=\"auto, (max-width: 500px) 100vw, 500px\" \/><\/figure>\n\n\n\n<h2 class=\"wp-block-heading\">Duraci\u00f3n sesiones<\/h2>\n\n\n\n<ul class=\"wp-block-list\">\n<li>Sesi\u00f3n inicial: 90 minutos<\/li>\n\n\n\n<li>Sesiones de seguimiento: 60 minutos<\/li>\n\n\n\n<li>Virtual via Zoom, WhatsApp o Meet en todas las zonas de tiempo y en consultorio presencial, en San Diego (CA).<\/li>\n<\/ul>\n\n\n\n<pre class=\"wp-block-preformatted\"><\/pre>\n\n\n\n<figure class=\"wp-block-image size-full is-resized\"><img data-recalc-dims=\"1\" loading=\"lazy\" decoding=\"async\" width=\"500\" height=\"500\" src=\"https:\/\/i0.wp.com\/dianacarolinags.com\/wp-content\/uploads\/2023\/07\/cropped-Logo_RS.png?resize=500%2C500\" alt=\"\" class=\"wp-image-75318\" style=\"width:56px;height:auto\" srcset=\"https:\/\/i0.wp.com\/dianacarolinags.com\/wp-content\/uploads\/2023\/07\/cropped-Logo_RS.png?w=500&amp;ssl=1 500w, https:\/\/i0.wp.com\/dianacarolinags.com\/wp-content\/uploads\/2023\/07\/cropped-Logo_RS.png?resize=300%2C300&amp;ssl=1 300w, https:\/\/i0.wp.com\/dianacarolinags.com\/wp-content\/uploads\/2023\/07\/cropped-Logo_RS.png?resize=150%2C150&amp;ssl=1 150w, https:\/\/i0.wp.com\/dianacarolinags.com\/wp-content\/uploads\/2023\/07\/cropped-Logo_RS.png?resize=12%2C12&amp;ssl=1 12w, https:\/\/i0.wp.com\/dianacarolinags.com\/wp-content\/uploads\/2023\/07\/cropped-Logo_RS.png?resize=60%2C60&amp;ssl=1 60w\" sizes=\"auto, (max-width: 500px) 100vw, 500px\" \/><\/figure>\n\n\n\n<h2 class=\"wp-block-heading\">Herramientas<\/h2>\n\n\n\n<ul class=\"wp-block-list\">\n<li>Ejercicios bioenerg\u00e9ticos <\/li>\n\n\n\n<li>Arteterapia<\/li>\n\n\n\n<li>Coaching espiritual y de vida<\/li>\n\n\n\n<li>Trabajo con sue\u00f1os<\/li>\n\n\n\n<li>Eneagrama de la personalidad<\/li>\n\n\n\n<li>Movimientos sist\u00e9micos<\/li>\n\n\n\n<li>Meditaci\u00f3n cu\u00e1ntica<\/li>\n<\/ul>\n\n\n\n<p style=\"font-size:18px\"><\/p>\n\n\n\n<p><\/p>\n\n\n\n\n\n<p><\/p>\n","protected":false},"excerpt":{"rendered":"<p>Duraci\u00f3n sesiones Herramientas<\/p>\n","protected":false},"author":1,"featured_media":0,"parent":0,"menu_order":0,"comment_status":"closed","ping_status":"closed","template":"","meta":{"_monsterinsights_skip_tracking":false,"_monsterinsights_sitenote_active":false,"_monsterinsights_sitenote_note":"","_monsterinsights_sitenote_category":0,"jetpack_post_was_ever_published":false,"footnotes":""},"class_list":["post-4722","page","type-page","status-publish","hentry","grid-sizer"],"jetpack_sharing_enabled":true,"jetpack_shortlink":"https:\/\/wp.me\/PaiVXh-1ea","_links":{"self":[{"href":"https:\/\/dianacarolinags.com\/es\/wp-json\/wp\/v2\/pages\/4722","targetHints":{"allow":["GET"]}}],"collection":[{"href":"https:\/\/dianacarolinags.com\/es\/wp-json\/wp\/v2\/pages"}],"about":[{"href":"https:\/\/dianacarolinags.com\/es\/wp-json\/wp\/v2\/types\/page"}],"author":[{"embeddable":true,"href":"https:\/\/dianacarolinags.com\/es\/wp-json\/wp\/v2\/users\/1"}],"replies":[{"embeddable":true,"href":"https:\/\/dianacarolinags.com\/es\/wp-json\/wp\/v2\/comments?post=4722"}],"version-history":[{"count":160,"href":"https:\/\/dianacarolinags.com\/es\/wp-json\/wp\/v2\/pages\/4722\/revisions"}],"predecessor-version":[{"id":77219,"href":"https:\/\/dianacarolinags.com\/es\/wp-json\/wp\/v2\/pages\/4722\/revisions\/77219"}],"wp:attachment":[{"href":"https:\/\/dianacarolinags.com\/es\/wp-json\/wp\/v2\/media?parent=4722"}],"curies":[{"name":"wp","href":"https:\/\/api.w.org\/{rel}","templated":true}]}}