{"id":20135,"date":"2022-06-29T09:48:56","date_gmt":"2022-06-29T16:48:56","guid":{"rendered":"https:\/\/dianacarolinags.com\/?page_id=20135"},"modified":"2024-11-24T17:46:10","modified_gmt":"2024-11-25T01:46:10","slug":"sobre-mi-2","status":"publish","type":"page","link":"https:\/\/dianacarolinags.com\/es\/sobre-mi-2\/","title":{"rendered":"Sobre mi"},"content":{"rendered":"<div class=\"wp-block-image\">\n<figure class=\"aligncenter size-large is-resized\"><img data-recalc-dims=\"1\" loading=\"lazy\" decoding=\"async\" width=\"810\" height=\"677\" src=\"https:\/\/i0.wp.com\/dianacarolinags.com\/wp-content\/uploads\/2022\/04\/Diana-Carolina_Foto.jpg?resize=810%2C677\" alt=\"\" class=\"wp-image-8575\" style=\"width:406px;height:339px\" srcset=\"https:\/\/i0.wp.com\/dianacarolinags.com\/wp-content\/uploads\/2022\/04\/Diana-Carolina_Foto-scaled.jpg?resize=1024%2C856&amp;ssl=1 1024w, https:\/\/i0.wp.com\/dianacarolinags.com\/wp-content\/uploads\/2022\/04\/Diana-Carolina_Foto-scaled.jpg?resize=300%2C251&amp;ssl=1 300w, https:\/\/i0.wp.com\/dianacarolinags.com\/wp-content\/uploads\/2022\/04\/Diana-Carolina_Foto-scaled.jpg?resize=768%2C642&amp;ssl=1 768w, https:\/\/i0.wp.com\/dianacarolinags.com\/wp-content\/uploads\/2022\/04\/Diana-Carolina_Foto-scaled.jpg?resize=1536%2C1284&amp;ssl=1 1536w, https:\/\/i0.wp.com\/dianacarolinags.com\/wp-content\/uploads\/2022\/04\/Diana-Carolina_Foto-scaled.jpg?resize=2048%2C1712&amp;ssl=1 2048w, https:\/\/i0.wp.com\/dianacarolinags.com\/wp-content\/uploads\/2022\/04\/Diana-Carolina_Foto-scaled.jpg?resize=14%2C12&amp;ssl=1 14w, https:\/\/i0.wp.com\/dianacarolinags.com\/wp-content\/uploads\/2022\/04\/Diana-Carolina_Foto-scaled.jpg?resize=72%2C60&amp;ssl=1 72w, https:\/\/i0.wp.com\/dianacarolinags.com\/wp-content\/uploads\/2022\/04\/Diana-Carolina_Foto-scaled.jpg?w=1620 1620w, https:\/\/i0.wp.com\/dianacarolinags.com\/wp-content\/uploads\/2022\/04\/Diana-Carolina_Foto-scaled.jpg?w=2430 2430w\" sizes=\"auto, (max-width: 810px) 100vw, 810px\" \/><\/figure>\n<\/div>\n\n\n<p><\/p>\n\n\n\n<p>Mi nombre es <em>Diana Carolina Gonz\u00e1lez-S\u00e1nchez.<\/em><\/p>\n\n\n\n<p>Durante mi carrera profesional en Colombia, acompa\u00f1\u00e9 desde mis 19 a\u00f1os a poblaci\u00f3n desplazada, ex-combatientes y l\u00edderes sociales que fueron parte del conflicto armado en la reinvenci\u00f3n de sus historias. Vi su dolor y nuestra capacidad para integrar lo mejor de nuestro pasado en el presente, incluso cuando ese presente es muy dif\u00edcil.<\/p>\n\n\n\n<p>Pero mi traves\u00eda para comprender c\u00f3mo transformar una gran crisis y reconstruir mi identidad inici\u00f3 al pasar por una enfermedad cr\u00f3nica y recuperarme. Vivia lejos de mi pa\u00eds y mi cuerpo me oblig\u00f3 a parar abruptamente una vida que yo consideraba \u00abbajo control\u00bb. S\u00ed, \u00a1nunca recuper\u00e9 mis viejas rutinas! Sin embargo, a lo largo de los a\u00f1os, comprend\u00ed que cuando la realidad se derrumba, tenemos un llamado especial a reconstruir nuestro lugar en el mundo: un lugar m\u00e1s consciente respecto a nuestras relaciones familiares y humanas y una conexi\u00f3n m\u00e1s profunda con nuestra mente, cuerpo y esp\u00edritu.<\/p>\n\n\n\n<p>Amo las plantas y los \u00e1rboles. Mis maestros han sido mi cuerpo, mi familia y la migraci\u00f3n y desde estos lugares me siento feliz de ofrecer mi ayuda.<\/p>\n\n\n\n<p>He vivido en Colombia, Argentina y EE.UU.<\/p>\n\n\n\n<p><\/p>\n\n\n\n<p><strong>Formaci\u00f3n Principal<\/strong>:<\/p>\n\n\n\n<ul class=\"wp-block-list\">\n<li>Certified Spiritual Life Coach (EE.UU.) Life Purpose Institute &#8211; California. <\/li>\n\n\n\n<li>Certificaci\u00f3n Healing with the Arts (EE.UU.) University of Florida. <\/li>\n\n\n\n<li>Certificaci\u00f3n en Psicolog\u00eda del Eneagrama- (Centro Transpersonal de Buenos Aires &#8211; Virgina Gawel)<\/li>\n\n\n\n<li>Certificaci\u00f3n T\u00e9cnicas para la comprensi\u00f3n de los sue\u00f1os (Centro Transpersonal de Buenos Aires &#8211; Virginia Gawel.) <\/li>\n\n\n\n<li>The Way of Shaman I. The Foundation for Shamanic Studies. (Durham. NC. EE.UU). <\/li>\n\n\n\n<li>Formaci\u00f3n en Conexiones Cu\u00e1nticas (Claudia Gonz\u00e1lez de Vicenzo). <\/li>\n\n\n\n<li>Estudios de Maestr\u00eda en Direcci\u00f3n de Comunicaciones (Argentina) <\/li>\n\n\n\n<li>Comunicaci\u00f3n Social y Periodismo. (Colombia).<\/li>\n<\/ul>\n","protected":false},"excerpt":{"rendered":"<p>Mi nombre es Diana Carolina Gonz\u00e1lez-S\u00e1nchez. Durante mi carrera profesional en Colombia, acompa\u00f1\u00e9 desde mis 19 a\u00f1os a poblaci\u00f3n desplazada, ex-combatientes y l\u00edderes sociales que fueron parte del conflicto armado &hellip; <\/p>\n","protected":false},"author":1,"featured_media":0,"parent":0,"menu_order":0,"comment_status":"closed","ping_status":"closed","template":"","meta":{"_monsterinsights_skip_tracking":false,"_monsterinsights_sitenote_active":false,"_monsterinsights_sitenote_note":"","_monsterinsights_sitenote_category":0,"jetpack_post_was_ever_published":false,"footnotes":""},"class_list":["post-20135","page","type-page","status-publish","hentry","grid-sizer"],"jetpack_sharing_enabled":true,"jetpack_shortlink":"https:\/\/wp.me\/PaiVXh-5eL","_links":{"self":[{"href":"https:\/\/dianacarolinags.com\/es\/wp-json\/wp\/v2\/pages\/20135","targetHints":{"allow":["GET"]}}],"collection":[{"href":"https:\/\/dianacarolinags.com\/es\/wp-json\/wp\/v2\/pages"}],"about":[{"href":"https:\/\/dianacarolinags.com\/es\/wp-json\/wp\/v2\/types\/page"}],"author":[{"embeddable":true,"href":"https:\/\/dianacarolinags.com\/es\/wp-json\/wp\/v2\/users\/1"}],"replies":[{"embeddable":true,"href":"https:\/\/dianacarolinags.com\/es\/wp-json\/wp\/v2\/comments?post=20135"}],"version-history":[{"count":40,"href":"https:\/\/dianacarolinags.com\/es\/wp-json\/wp\/v2\/pages\/20135\/revisions"}],"predecessor-version":[{"id":77238,"href":"https:\/\/dianacarolinags.com\/es\/wp-json\/wp\/v2\/pages\/20135\/revisions\/77238"}],"wp:attachment":[{"href":"https:\/\/dianacarolinags.com\/es\/wp-json\/wp\/v2\/media?parent=20135"}],"curies":[{"name":"wp","href":"https:\/\/api.w.org\/{rel}","templated":true}]}}